{"id":5990,"date":"2025-05-20T22:11:48","date_gmt":"2025-05-20T20:11:48","guid":{"rendered":"https:\/\/www.jade-race.com\/?page_id=5990"},"modified":"2026-02-02T23:30:18","modified_gmt":"2026-02-02T22:30:18","slug":"night-show","status":"publish","type":"page","link":"https:\/\/fooevents.jade-race.com\/?page_id=5990","title":{"rendered":"Night Show"},"content":{"rendered":"\n<p class=\"wp-block-paragraph\">Wir gehen dieses Jahr in die zweite Runde mit dem Cash Day. Auch dieses Jahr werden wieder etliche Starter im &#8220;Oldschool Verfahren&#8221; mit der Taschenlampe gestartet und machen die Rennen ohne Zeitnahme unter sich aus:<\/p>\n\n\n\n<figure class=\"wp-block-image size-large\"><a href=\"https:\/\/www.jade-race.com\/wp-content\/uploads\/2026\/02\/CashDays2026.png\"><img loading=\"lazy\" decoding=\"async\" width=\"1024\" height=\"521\" src=\"https:\/\/www.jade-race.com\/wp-content\/uploads\/2026\/02\/CashDays2026-1024x521.png\" alt=\"\" class=\"wp-image-7184\" srcset=\"https:\/\/fooevents.jade-race.com\/wp-content\/uploads\/2026\/02\/CashDays2026-1024x521.png 1024w, https:\/\/fooevents.jade-race.com\/wp-content\/uploads\/2026\/02\/CashDays2026-300x153.png 300w, https:\/\/fooevents.jade-race.com\/wp-content\/uploads\/2026\/02\/CashDays2026-768x391.png 768w, https:\/\/fooevents.jade-race.com\/wp-content\/uploads\/2026\/02\/CashDays2026-1536x782.png 1536w, https:\/\/fooevents.jade-race.com\/wp-content\/uploads\/2026\/02\/CashDays2026-1320x672.png 1320w, https:\/\/fooevents.jade-race.com\/wp-content\/uploads\/2026\/02\/CashDays2026-600x305.png 600w, https:\/\/fooevents.jade-race.com\/wp-content\/uploads\/2026\/02\/CashDays2026.png 1928w\" sizes=\"auto, (max-width: 1024px) 100vw, 1024px\" \/><\/a><\/figure>\n\n\n\n<h2 class=\"wp-block-heading\">Was sind die Cash Days?<\/h2>\n\n\n\n<p class=\"wp-block-paragraph\"><strong>Dragrace<\/strong>&nbsp;nach Street-Outlaw-Manier auf der&nbsp;<strong>1\/8 Meile<\/strong>!<br>Einige der besten 32 Fahrer aus Europa, fahren um die Krone des schnellsten Outlaws Deutschlands!<\/p>\n\n\n\n<p class=\"wp-block-paragraph\">Im Gegensatz zum Dragracing sind die Street Outlaw fr\u00fcher sehr oft als illegale Stra\u00dfenrennen durchgef\u00fchrt worden. Die Szene entwickelte sich aber weiter und hat sich von der Stra\u00dfe in Richtung Rennstrecke bewegt. Der wesentliche Unterschied liegt darin, dass bei den Street-Outlaws nicht die Pokale gejagt werden, sondern, dass um Preisgelder gefahren wird und die Zuschauer die M\u00f6glichkeit haben untereinander auf den Sieger des Laufs zu wetten. Die N\u00e4he zu den Fahrern und den Fahrzeugen w\u00e4hrend der L\u00e4ufe machen einen besonderen Flair aus.<\/p>\n\n\n\n<p class=\"wp-block-paragraph\"><strong><em>Facts:<\/em><\/strong><\/p>\n\n\n\n<ul class=\"wp-block-list\">\n<li>32 Fahrer<\/li>\n\n\n\n<li>10.000\u20ac Preisgeld (1.- 5k \/ 2.- 3k \/ 3.- 1k \/ 4.- 1k)<\/li>\n\n\n\n<li>1\/8 Meile im Outlaw Style (16 \u2013 8 \u2013 2 \u2013 1)<\/li>\n\n\n\n<li>2 geklebte und pr\u00e4parierte Bahnen \u00fcber die 1\/8 Meile<\/li>\n\n\n\n<li>keine Ampel<\/li>\n\n\n\n<li>Start mit Taschenlampe<\/li>\n\n\n\n<li>Paarungen werden per Los ermittelt<\/li>\n\n\n\n<li>keine Zeitmessung<\/li>\n\n\n\n<li>Start &amp; Ziel Video\u00fcberwacht<\/li>\n\n\n\n<li>nur der Sieg \u00fcber die Ziellinie entscheidet<\/li>\n<\/ul>\n\n\n\n<h2 class=\"wp-block-heading\">Wie nehme ich als Fahrer der Cash Days teil?<\/h2>\n\n\n\n<p class=\"wp-block-paragraph\">Es werden alle 32 Teilnehmer ausschlie\u00dflich von der Cash Days Crew, nach Bewerbung, ausgew\u00e4hlt! Nicht nur das schnelle\/St\u00e4rkste Auto ist ausschlaggebend, sondern wie die Fahrer mit ihren Wagen abgeliefert haben.<\/p>\n\n\n\n<p class=\"wp-block-paragraph\">Nachdem ihr ausgew\u00e4hlt worden seid, die Teilnahmegeb\u00fchr bezahlt worden ist, werden f\u00fcr den Fahrer und ein Mechaniker ein Ticket f\u00fcr das Jade-Race ausgestellt. F\u00fcr jede weitere Person m\u00fcssen entsprechende Tickets \u00fcber unseren <a href=\"https:\/\/dragreg.eu\/\">Ticketshop <\/a>gekauft werden.<\/p>\n\n\n\n<p class=\"wp-block-paragraph\">Die Besonderheit f\u00fcr die Teilnehmer der Cash Days ist, dass diese mit der Teilnahme auch ganz normal am Rennbetrieb am Freitag, Samstag und Sonntag im Rahmen der Test &amp; Tune Klasse testen k\u00f6nnen, um sich mit der Strecke vertraut zu machen. Alternativ k\u00f6nnen sich die Teilnehmer zus\u00e4tzlich direkt in einer der Wettbewerbsklassen nennen. So hat man direkt die Chance noch einige Punkte, Pokale und Preisgelder f\u00fcr die entsprechenden Meisterschaften mitzunehmen.<\/p>\n\n\n\n<p class=\"wp-block-paragraph\">Als Teilnehmer f\u00fcr die Cash Days musst du dich \u00fcber den folgenden Link bewerben: <a href=\"https:\/\/cash-day.de\/bewerbung\">https:\/\/cash-day.de\/bewerbung<\/a><\/p>\n\n\n","protected":false},"excerpt":{"rendered":"<p>Wir gehen dieses Jahr in die zweite Runde mit dem Cash Day. Auch dieses Jahr werden wieder etliche<\/p>\n","protected":false},"author":4,"featured_media":0,"parent":0,"menu_order":0,"comment_status":"closed","ping_status":"closed","template":"","meta":{"_crdt_document":"","ngg_post_thumbnail":0,"footnotes":""},"class_list":["post-5990","page","type-page","status-publish","hentry"],"_links":{"self":[{"href":"https:\/\/fooevents.jade-race.com\/index.php?rest_route=\/wp\/v2\/pages\/5990","targetHints":{"allow":["GET"]}}],"collection":[{"href":"https:\/\/fooevents.jade-race.com\/index.php?rest_route=\/wp\/v2\/pages"}],"about":[{"href":"https:\/\/fooevents.jade-race.com\/index.php?rest_route=\/wp\/v2\/types\/page"}],"author":[{"embeddable":true,"href":"https:\/\/fooevents.jade-race.com\/index.php?rest_route=\/wp\/v2\/users\/4"}],"replies":[{"embeddable":true,"href":"https:\/\/fooevents.jade-race.com\/index.php?rest_route=%2Fwp%2Fv2%2Fcomments&post=5990"}],"version-history":[{"count":6,"href":"https:\/\/fooevents.jade-race.com\/index.php?rest_route=\/wp\/v2\/pages\/5990\/revisions"}],"predecessor-version":[{"id":7187,"href":"https:\/\/fooevents.jade-race.com\/index.php?rest_route=\/wp\/v2\/pages\/5990\/revisions\/7187"}],"wp:attachment":[{"href":"https:\/\/fooevents.jade-race.com\/index.php?rest_route=%2Fwp%2Fv2%2Fmedia&parent=5990"}],"curies":[{"name":"wp","href":"https:\/\/api.w.org\/{rel}","templated":true}]}}