{"id":5003,"date":"2019-04-23T21:02:15","date_gmt":"2019-04-23T19:02:15","guid":{"rendered":"http:\/\/www.jade-race.com\/?page_id=5003"},"modified":"2025-11-24T12:49:54","modified_gmt":"2025-11-24T11:49:54","slug":"terms-and-conditions-about-us","status":"publish","type":"page","link":"https:\/\/fooevents.jade-race.com\/?page_id=5003&lang=nl","title":{"rendered":"Algemene voorwaarden (AV) \/ Impressum"},"content":{"rendered":"<p><!--:de--><\/p>\n<h2 style=\"text-align: justify;\"><em><strong><span style=\"text-decoration: underline;\">A :&nbsp;Inhoud van deze website<\/span><\/strong><\/em><\/h2>\n<ol>\n<li style=\"text-align: justify;\">\n<h5>Beperking van aansprakelijkheid<\/h5>\n<p>De inhoud van deze website is met de grootst mogelijke zorg samengesteld. De aanbieder aanvaardt echter geen aansprakelijkheid voor de juistheid, volledigheid en actualiteit van de verstrekte inhoud. Het gebruik van de inhoud van de website is op eigen risico van de gebruiker. Bijdragen met vermelding van naam geven de mening van de betreffende auteur weer en niet altijd de mening van de aanbieder. Door het loutere gebruik van de website van de aanbieder komt er geen contractuele relatie tussen de gebruiker en de aanbieder tot stand.    <\/li>\n<li style=\"text-align: justify;\">\n<h5>Externe Links<\/h5>\n<p>Deze website bevat links naar websites van derden (\u201cexterne links\u201d). Deze websites vallen onder de aansprakelijkheid van de betreffende exploitanten. Bij het voor het eerst plaatsen van de externe links heeft de aanbieder de externe inhoud gecontroleerd op eventuele rechtsinbreuken. Op dat moment waren er geen rechtsinbreuken zichtbaar. De aanbieder heeft geen enkele invloed op de huidige en toekomstige vormgeving en op de inhoud van de gelinkte pagina&#8217;s. Het plaatsen van externe links betekent niet dat de aanbieder zich de inhoud achter de verwijzing of link eigen maakt. Een voortdurende controle van de externe links is voor de aanbieder zonder concrete aanwijzingen voor rechtsinbreuken niet redelijk. Bij kennis van rechtsinbreuken worden dergelijke externe links echter onmiddellijk verwijderd.       <\/li>\n<li style=\"text-align: justify;\">\n<h5>Auteursrechten en naburige rechten<\/h5>\n<p>De inhoud die op deze website wordt gepubliceerd, valt onder het Duitse auteursrecht en naburige rechten. Elk gebruik dat niet is toegestaan door het Duitse auteursrecht en naburige rechten vereist de voorafgaande schriftelijke toestemming van de aanbieder of de betreffende rechthebbende. Dit geldt in het bijzonder voor het vermenigvuldigen, bewerken, vertalen, opslaan, verwerken of weergeven van inhoud in databases of andere elektronische media en systemen. Inhoud en rechten van derden zijn als zodanig gemarkeerd. Het ongeoorloofd vermenigvuldigen of doorgeven van afzonderlijke inhoud of complete pagina&#8217;s is niet toegestaan en strafbaar. Alleen het maken van kopie\u00ebn en downloads voor persoonlijk, priv\u00e9 en niet-commercieel gebruik is toegestaan.     <\/p>\n<p>De weergave van deze website in externe frames is alleen toegestaan met schriftelijke toestemming.<\/li>\n<li style=\"text-align: justify;\">\n<h5>Gegevensbescherming[1]<\/h5>\n<p>Door het bezoeken van de website van de aanbieder kan informatie over de toegang (datum, tijd, bekeken pagina) worden opgeslagen. Deze gegevens behoren niet tot de persoonsgegevens, maar zijn geanonimiseerd. Ze worden uitsluitend voor statistische doeleinden ge\u00ebvalueerd. Er vindt geen doorgifte aan derden plaats, noch voor commerci\u00eble, noch voor niet-commerci\u00eble doeleinden.   <\/p>\n<p>De aanbieder wijst er uitdrukkelijk op dat de gegevensoverdracht via internet (bijvoorbeeld bij communicatie per e-mail) veiligheidsrisico&#8217;s met zich meebrengt en niet volledig tegen toegang door derden kan worden beschermd.<\/p>\n<p>Het gebruik van de contactgegevens in het impressum voor commerci\u00eble reclame is uitdrukkelijk niet gewenst, tenzij de aanbieder hiervoor vooraf schriftelijk toestemming heeft gegeven of er al een zakelijke relatie bestaat. De aanbieder en alle op deze website genoemde personen maken hierbij bezwaar tegen elk commercieel gebruik en elke commerci\u00eble doorgifte van hun gegevens. <\/li>\n<li>\n<h5>Bijzondere gebruiksvoorwaarden[2]<\/h5>\n<p>Voor zover bijzondere voorwaarden voor afzonderlijke toepassingen van deze website afwijken van de bovengenoemde punten 1 tot en met 4, wordt hierop uitdrukkelijk gewezen op de betreffende plaats. In dat geval gelden in het betreffende individuele geval de bijzondere gebruiksvoorwaarden. <\/li>\n<\/ol>\n<h2><em><span style=\"text-decoration: underline;\"><strong>B :&nbsp;Reglement<\/strong><\/span><\/em><\/h2>\n<p style=\"text-align: justify;\" align=\"left\">De volgende regels gelden voor de duur van het evenement op het gehele evenemententerrein en op alle parkeerplaatsen waar de organisator parkeergeld in rekening brengt. De regels gelden voor bezoekers, coureurs en hun teams, functionarissen van de organisator en zijn contractpartners, vertegenwoordigers van de pers en media, en alle andere personen zolang zij zich op het evenemententerrein bevinden. <\/p>\n<ol>\n<li>Kamperen op het evenemententerrein is alleen toegestaan voor de aangemelde coureurs en hun teams, evenals voor klanten die naast een weekendticket ook een kampeerticket hebben gekocht.<\/li>\n<li>De mededelingen van de baanomroeper moeten worden opgevolgd.<\/li>\n<li>Het betreden van het evenemententerrein en het parkeren van voertuigen op het evenemententerrein is voorbehouden aan de aangemelde coureurs, hun teams en de organisator.<\/li>\n<li>In het rennerskwartier en op weg naar de start mogen alle voertuigen maximaal stapvoets rijden.<\/li>\n<li>Voor alle personen die gemotoriseerde voertuigen besturen op het evenemententerrein geldt een absoluut alcoholverbod (nulpromillegrens).<\/li>\n<li>Het is verboden om buiten de offici\u00eble trainingen en wedstrijden op het circuit te rijden.<\/li>\n<li>De aangemelde coureur is verantwoordelijk voor de netheid van het toegewezen perceel in het rennerskwartier.<\/li>\n<li>Het verversen van olie, hydraulische vloeistoffen of koelwater op het evenemententerrein is verboden. Het bijvullen van de genoemde vloeistoffen is toegestaan als door middel van een geschikte ondergrond (bijv. folie) kan worden uitgesloten dat druppelende vloeistoffen de ondergrond kunnen vervuilen. <\/li>\n<li>Alle coureurs moeten het perceel dat hun in het rennerskwartier is toegewezen vrij van bodemverontreiniging (olie, koelvloeistof, etensresten enz.) en afval achterlaten. Afvalzakken zijn tegen statiegeld verkrijgbaar bij het startbureau. Bij inlevering van de afvalzakken bij het daarvoor bestemde inzamelpunt wordt het statiegeld terugbetaald.  <\/li>\n<li>Het aantal beschikbare stroomaansluitingen in het rennerskwartier en op de camping is beperkt. Uit wederzijds respect en motorsportfairness delen alle coureurs en teams de beschikbare aansluitingen. Er bestaat geen recht op exclusief gebruik van een aansluiting voor individuele coureurs of teams.  <\/li>\n<li>Het verblijf in het start- en voorsportgebied is alleen toegestaan met een speciale pas. De speciale pas moet duidelijk zichtbaar worden gedragen. <\/li>\n<\/ol>\n<p style=\"text-align: justify;\">Bij schuldige overtredingen van het reglement kan de betrokken persoon van het evenemententerrein worden verwijderd en van deelname aan de race worden uitgesloten.<\/p>\n<h2 style=\"text-align: justify;\"><em><span style=\"text-decoration: underline;\"><strong>C<\/strong> :<\/span><strong><span style=\"text-decoration: underline;\">&nbsp;&nbsp;Verkoop van Tickets <\/span><\/strong> <\/em><\/h2>\n<h5 style=\"text-align: justify;\"><strong>Totstandkoming van de overeenkomst<\/strong><\/h5>\n<ol>\n<li style=\"text-align: justify;\">\n<h5><strong>Contractpartijen<br \/>\n<\/strong><\/h5>\n<p>De overeenkomst komt uitsluitend tot stand tussen de koper van het ticket, hierna klant genoemd, en de organisator.<\/li>\n<li style=\"text-align: justify;\">\n<h5><strong>Contractuele inhoud<br \/>\n<\/strong><\/h5>\n<p>De contractueel verschuldigde prestaties worden bepaald door deze algemene voorwaarden en de inhoud van de website van de organisator (<a href=\"http:\/\/www.jade-race.com\">www.jade-race.com<\/a>), voor zover deze uitdrukkelijk in verband met het evenement worden aangeboden. Daarnaast gelden de huis- en\/of terreinregels die van toepassing zijn op het evenemententerrein. <\/li>\n<li style=\"text-align: justify;\">\n<h5><strong>Sluiting van de overeenkomst\/bestelproces<br \/>\n<\/strong><\/h5>\n<p>Alle informatie op websites of andere media van de organisator vormt slechts een uitnodiging aan de klant om een contractaanbod te doen. Het bindende aanbod tot het sluiten van de koopovereenkomst komt van de klant. Dit gebeurt door het ingevulde bestelformulier in te leveren bij het startkantoor van de organisator of door de gegevens van het elektronische bestelformulier op de website van de organisator www.jade-race.com te verzenden door op de knop \u201cBoeken\u201d te klikken. De organisator is niet verplicht om het aanbod te accepteren. De elektronische bestelling wordt bevestigd door een e-mail te sturen naar het opgegeven e-mailadres. Dit betekent geen aanvaarding van de overeenkomst, maar slechts een bevestiging van de ontvangst van de bestelling van de klant. De overeenkomst tussen de klant en de organisator komt pas tot stand wanneer de klant de betaling heeft uitgevoerd. Indien de organisator vaststelt dat het bestelde ticket niet meer beschikbaar is, wordt de klant hiervan onmiddellijk per e-mail op de hoogte gesteld en worden reeds uitgevoerde betalingen voor het ticket aan de klant terugbetaald.       <\/li>\n<\/ol>\n<h5 style=\"text-align: justify;\"><strong>Prijzen\/betalingsvoorwaarden\/levering<\/strong><\/h5>\n<ol>\n<li style=\"text-align: justify;\">\n<h5>Prijzen<\/h5>\n<p>De aangegeven prijs voor het ticket is inclusief de wettelijke btw.<\/li>\n<li style=\"text-align: justify;\">\n<h5>Betaling<span style=\"text-decoration: underline;\"><br \/>\n<\/span><\/h5>\n<p>Het totale bedrag van de bestelling moet worden betaald bij het sluiten van de koopovereenkomst. De klant betaalt het aankoopbedrag vooraf. De betaling gebeurt contant bij het startbureau van de organisator of via een bankoverschrijving op de rekening van de organisator.  <\/li>\n<\/ol>\n<h5 style=\"text-align: justify;\"><strong>Herroepings- en herroepingsrecht\/ Uitstel van de afspraak\/ Afbreking<\/strong><\/h5>\n<ol>\n<li style=\"text-align: justify;\">\n<h5>Herroepingsrecht<\/h5>\n<p>De klant heeft geen herroepingsrecht volgens \u00a7 312d BGB (Duits Burgerlijk Wetboek), aangezien er geen overeenkomst op afstand is gesloten.<\/li>\n<li style=\"text-align: justify;\">\n<h5>Recht van herroeping<\/h5>\n<p>Wettelijke herroepingsrechten wegens een door de organisator te verantwoorden plichtsverzuim blijven onverminderd van kracht.<\/li>\n<li style=\"text-align: justify;\">\n<h5>Uitstel van afspraken<\/h5>\n<p>De door de organisator geplande tijden voor afzonderlijke programmaonderdelen van het evenement zijn slechts als richtwaarden te beschouwen. Door verschuivingen, tijdverkortingen of het wegvallen van afzonderlijke programmaonderdelen ontstaat voor de klant geen recht op vermindering of terugbetaling van de aankoopprijs. <\/li>\n<li style=\"text-align: justify;\">\n<h5>Annulering van een evenement<\/h5>\n<p>Indien het evenement geheel of gedeeltelijk wordt afgelast, is restitutie van de aankoopprijs in principe uitgesloten, tenzij de organisator verantwoordelijk is voor de afgelasting.<\/li>\n<li style=\"text-align: justify;\">\n<h5>Uitsluiting van de klant van deelname<\/h5>\n<p>De klant kan door de organisator geheel of gedeeltelijk worden uitgesloten van deelname aan het evenement als hij de deelnamevoorwaarden, of bij race-evenementen het reglement of de huis-\/terreinregels of mondelinge instructies van de organisator overtreedt. De klant kan door de organisator geheel of gedeeltelijk worden uitgesloten van deelname aan het evenement als de klant tijdens het evenement strafbare handelingen verricht of de veiligheid of het ordelijke verloop van het evenement in gevaar brengt. Er wordt regelmatig uitgegaan van een gevaar voor de veiligheid als de klant wapens, vuurwerk of andere gevaarlijke voorwerpen meeneemt naar het evenemententerrein. De klant kan door de organisator geheel of gedeeltelijk worden uitgesloten van deelname aan het evenement als de klant racistische, seksistische, geweldverheerlijkende of mensonterende uitlatingen of uitingen in het openbaar doet, ook buiten het evenemententerrein, of als hij op andere wijze de reputatie van het evenement in het openbaar schaadt. Bij uitsluiting van de klant van deelname aan het evenement om een of meer van de onder IV 5 genoemde redenen heeft de klant geen recht op vermindering of terugbetaling van de aankoopprijs.    <span style=\"text-decoration: underline;\"><br \/>\n<\/span><\/li>\n<\/ol>\n<h5 style=\"text-align: justify;\"><strong>Gedragsregels op de evenementenlocatie<\/strong><\/h5>\n<ol>\n<li style=\"text-align: justify;\">Tijdens de evenementen moeten de instructies van de organisator worden opgevolgd (zie hierboven onder \u2018Reglement\u2019).<\/li>\n<\/ol>\n<h5 style=\"text-align: justify;\"><strong>Aansprakelijkheidsbeperkingen<\/strong><\/h5>\n<p style=\"text-align: justify; padding-left: 30px;\">Die Teilnehmer nehmen<strong><em> auf eigene Gefahr<\/em><\/strong> an den Veranstaltungen teil. Sie tragen die <g id=\"gid_2\"><g id=\"gid_3\">alleinige Verantwortung f\u00fcr alle Sch\u00e4den<\/g><\/g>, die von ihnen und ihren Mitarbeitern oder Helfern mit den benutzten Fahrzeugen verursacht werden, soweit kein Haftungsausschluss vereinbart wird. Bewerber und Fahrer erkl\u00e4ren mit Abgabe dieser Nennung den Verzicht auf Anspr\u00fcche jeder Art f\u00fcr Sch\u00e4den, die in Zusammenhang mit der Veranstaltung entstehen, und zwar gegen die FIA, die CIK, die FIM, die UEM, den DMSB, die Mitgliederorganisationen des DMSB, die Deutsche Motor Sport Wirtschaftsdienst GmbH, deren Pr\u00e4sidenten, Organe, Gesch\u00e4ftsf\u00fchrer, Generalsekret\u00e4re die ADAC-Gaue, den Promotor\/Serienorganisator den Veranstalter, die Sportwarte, die Rennstreckeneigent\u00fcmer, Beh\u00f6rden, Renndienste und alle anderen Personen, die mit der Organisation der Veranstaltung in Verbindung stehen, den Stra\u00dfenbaulasttr\u00e4ger, soweit Sch\u00e4den durch die Beschaffenheit der bei der Veranstaltung zu benutzenden Stra\u00dfen samt Zubeh\u00f6r verursacht werden, und die Erf\u00fcllungs- und Verrichtungsgehilfen aller zuvor genannten Personen und Stellen, au\u00dfer f\u00fcr Sch\u00e4den aus der Verletzung des Lebens, des K\u00f6rpers oder der Gesundheit, die auf einer vors\u00e4tzlichen oder fahrl\u00e4ssigen Pflichtverletzung \u2013 auch eines gesetzlichen Vertreters oder eines Erf\u00fcllungsgehilfen des enthafteten Personenkreises beruhen, und au\u00dfer f\u00fcr sonstige Sch\u00e4den, die auf einer vors\u00e4tzlichen oder grob fahrl\u00e4ssigen Pflichtverletzung \u2013 auch eines gesetzlichen Vertreters oder eines Erf\u00fcllungsgehilfen des enthafteten Personenkreises \u2013beruhen; gegen die anderen Teilnehmer (Bewerber, Fahrer, Mitfahrer), deren Helfer, die Eigent\u00fcmer, Halter der anderen Fahrzeuge, den eigenen Bewerber, den\/die eigenen Fahrer, Mitfahrer (anderslautende besondere Vereinbarungen zwischen Bewerber, Fahrer\/n, Mitfahrer\/n gehen vor !) und eigene Helfer verzichten sie auf Anspr\u00fcche jeder Art f\u00fcr Sch\u00e4den, die in Zusammenhang mit dem Wettbewerb (Training, Wertungsl\u00e4ufe) entstehen, au\u00dfer f\u00fcr Sch\u00e4den aus der Verletzung des Lebens, des K\u00f6rpers oder der Gesundheit, die auf einer vors\u00e4tzlichen oder grob fahrl\u00e4ssigen Pflichtverletzung \u2013 auch eines gesetzlichen Vertreters oder eines Erf\u00fcllungsgehilfen des enthafteten Personenkreises \u2013 beruhen, und au\u00dfer f\u00fcr sonstige Sch\u00e4den, die auf einer vors\u00e4tzlichen oder grob fahrl\u00e4ssigen Pflichtverletzung \u2013 auch eines gesetzlichen Vertreters oder eines Erf\u00fcllungsgehilfen des enthafteten Personenkreises \u2013 beruhen.  <\/p>\n<p style=\"text-align: justify; padding-left: 30px;\">De aansprakelijkheidsuitsluiting wordt van kracht voor alle betrokkenen bij het indienen van de inschrijving. Deze geldt voor vorderingen op basis van elke rechtsgrond, in het bijzonder voor schadevergoedingsvorderingen uit contractuele en buitencontractuele aansprakelijkheid en ook voor vorderingen uit onrechtmatige daad. Stilzwijgende aansprakelijkheidsuitsluitingen blijven onaangetast door bovenstaande aansprakelijkheidsuitsluitingsclausule.  <\/p>\n<h5 style=\"text-align: justify;\"><strong>Verklaring van toestemming inzake gegevensbescherming (vermelding Jade-Race)<\/strong><\/h5>\n<p style=\"padding-left: 30px; text-align: justify;\">Ik ga ermee akkoord dat Jade-Race UG de gegevens die ik in dit inschrijfformulier heb verstrekt, naast de uitvoering van de overeenkomst ook voor de volgende doeleinden gebruikt:<\/p>\n<p style=\"text-align: justify;\">Publicatie van deelnemers- en resultatenlijsten (ook op internet), doorsturen naar de DMSB e.V. (Deutscher Motor Sport Bund) in geval van schade, evenals naar series waarvoor het evenement wordt gewaardeerd (zie aankondiging van het evenement) en voor statistische doeleinden, eigen reclame of reclame voor de organisator. Door het insturen van beeldmateriaal verklaart de deelnemer zich akkoord met het onbeperkte, kosteloze gebruik, de exploitatie of publicatie door de organisator. Bovendien verklaren de deelnemers zich akkoord met het maken van foto&#8217;s en filmopnames tijdens het evenement en met het verlenen van de kosteloze uitzendrechten, openbare weergaverechten, opnamerechten, reproductierechten en bewerkingsrechten met betrekking tot hun persoon, eventuele begeleiders, die hierover vooraf uitgebreid door de deelnemer zijn ge\u00efnformeerd, of de film- of foto-opnames die van hun voertuigen zijn gemaakt. De toekenning van rechten omvat naast het gebruik voor verslaggeving over het evenement, de deelnemers en de resultaten in gedrukte media, radio, tv en online media, zoals met name websites en Facebook, ook het gebruik van de opnames voor eigen reclame of reclame voor de organisator.<br \/>\n<strong style=\"font-size: 0.95em;\"><u><br \/>\nOpmerking:<\/u><\/strong><span style=\"font-size: 0.95em;\"> Als deze toestemmingsverklaring niet wordt verstrekt, is deelname aan dit evenement niet mogelijk. U kunt uw toestemming te allen tijde voor de toekomst intrekken bij Jade-Race UG, Wilhelm-Springer-Str. 11, D-26316 Varel, info@jade-race.com. Als de deelnemer nog minderjarig of niet volledig handelingsbekwaam is, verzekert de wettelijke voogd dat hij het exclusieve gezag heeft of gerechtigd is om deze verklaring ook namens eventuele andere wettelijke voogden bindend af te geven. Bij ondertekening door wettelijke voogden is het verplicht om de volledige naam en het volledige adres te vermelden.<\/span><\/p>\n<h2 style=\"text-align: justify;\"><span style=\"text-decoration: underline;\"><em><strong style=\"text-align: justify;\">D: &nbsp;Schlussbestimmungen<\/strong><\/em><\/span><\/h2>\n<ol>\n<li style=\"text-align: justify;\">\n<h5>Bevoegde rechtbank<\/h5>\n<p>De bevoegde rechtbank is die van de zetel van de organisator.<\/li>\n<li style=\"text-align: justify;\">\n<h5>Salvatorische clausule<\/h5>\n<p>Indien afzonderlijke bepalingen van de overeenkomst geheel of gedeeltelijk ongeldig of onuitvoerbaar zijn of worden, heeft dit geen invloed op de geldigheid van de overige bepalingen van de overeenkomst en deze algemene voorwaarden.<\/li>\n<\/ol>\n<hr>\n<p style=\"text-align: justify;\">Stand: 01.04.2016<\/p>\n<div id=\"ja-wrapper\" style=\"text-align: justify;\">\n<div id=\"ja-containerwrap\">\n<div id=\"ja-containerwrap2\">\n<div id=\"ja-container\">\n<div id=\"ja-container2\" class=\"clearfix\">\n<div id=\"ja-mainbody\" class=\"clearfix\">\n<div id=\"ja-contentwrap\">\n<div id=\"ja-content\">\n<div class=\"article-content\">\n<p style=\"text-align: left;\">Jade-Race UG (haftungsbeschr\u00e4nkt)<br \/>\nGesch\u00e4ftsf\u00fchrer Michael Behrens<br \/>\nWilhelm-Springer-Str. 11<br \/>\n26316 Varel <\/p>\n<p style=\"text-align: left;\">Tel : 0172 15 82 702<\/p>\n<\/div>\n<\/div>\n<\/div>\n<\/div>\n<\/div>\n<\/div>\n<\/div>\n<\/div>\n<\/div>\n<p style=\"text-align: justify;\">USt-IdNr.: DE283027401<\/p>\n<p><!--:--><!--:en--><\/p>\n<p><!--:--><\/p>\n","protected":false},"excerpt":{"rendered":"<p>A :&nbsp;Inhoud van deze website Beperking van aansprakelijkheid De inhoud van deze website is met de grootst mogelijke<\/p>\n","protected":false},"author":1,"featured_media":0,"parent":0,"menu_order":0,"comment_status":"open","ping_status":"open","template":"","meta":{"_crdt_document":"","ngg_post_thumbnail":0,"footnotes":""},"class_list":["post-5003","page","type-page","status-publish","hentry"],"_links":{"self":[{"href":"https:\/\/fooevents.jade-race.com\/index.php?rest_route=\/wp\/v2\/pages\/5003","targetHints":{"allow":["GET"]}}],"collection":[{"href":"https:\/\/fooevents.jade-race.com\/index.php?rest_route=\/wp\/v2\/pages"}],"about":[{"href":"https:\/\/fooevents.jade-race.com\/index.php?rest_route=\/wp\/v2\/types\/page"}],"author":[{"embeddable":true,"href":"https:\/\/fooevents.jade-race.com\/index.php?rest_route=\/wp\/v2\/users\/1"}],"replies":[{"embeddable":true,"href":"https:\/\/fooevents.jade-race.com\/index.php?rest_route=%2Fwp%2Fv2%2Fcomments&post=5003"}],"version-history":[{"count":1,"href":"https:\/\/fooevents.jade-race.com\/index.php?rest_route=\/wp\/v2\/pages\/5003\/revisions"}],"predecessor-version":[{"id":6902,"href":"https:\/\/fooevents.jade-race.com\/index.php?rest_route=\/wp\/v2\/pages\/5003\/revisions\/6902"}],"wp:attachment":[{"href":"https:\/\/fooevents.jade-race.com\/index.php?rest_route=%2Fwp%2Fv2%2Fmedia&parent=5003"}],"curies":[{"name":"wp","href":"https:\/\/api.w.org\/{rel}","templated":true}]}}