{"id":400,"date":"2012-04-16T12:05:44","date_gmt":"2012-04-16T11:05:44","guid":{"rendered":"http:\/\/www.jade-race.de\/?page_id=400"},"modified":"2019-04-14T21:35:13","modified_gmt":"2019-04-14T19:35:13","slug":"time-slip","status":"publish","type":"page","link":"https:\/\/fooevents.jade-race.com\/?page_id=400","title":{"rendered":"Time Slip"},"content":{"rendered":"\n<div class=\"wp-block-image\"><figure class=\"aligncenter\"><a href=\"http:\/\/www.jade-race.de\/wp-content\/uploads\/2013\/01\/timeslips.jpg\"><img decoding=\"async\" src=\"http:\/\/www.jade-race.de\/wp-content\/uploads\/2013\/01\/timeslips.jpg\" alt=\"\"\/><\/a><\/figure><\/div>\n\n\n\n<p class=\"wp-block-paragraph\">In den fr\u00fchen Jahren des Drag Racings, wurden die \u201eTimeslips\u201c (Zeitbeleg) per Hand ausgestellt &#8211; heute wird alles per Computer gemessen und ausgedruckt. Nach einem Lauf erh\u00e4lt der Fahrer ein Timeslip mit allen wichtigen Informationen, die er ben\u00f6tigt um sein &#8220;Dial-in&#8221; besser zu sch\u00e4tzen und auch gegenbenfalls \u00c4nderungen an dem set-up seines Fahrzeugs vorzunehmen:<\/p>\n\n\n\n<ul class=\"wp-block-list\"><li>Reaktionszeit<\/li><li>E.T. Elapsed Time \/ gefahrene Zeit<\/li><li>Durchschnittsgeschwindigkeit<\/li><li>Top Speed<\/li><li>Sieger \/ Verlierer<\/li><\/ul>\n\n\n\n<p class=\"wp-block-paragraph\">Die Informationen auf den Timeslips k\u00f6nnen von Rennstrecke zu Rennstrecke etwas varieren. An manchen Rennstrecken wird z.B. auch die gefahrene Zeit nach verschiedenen Intervallen auf dem Timeslip vermerkt. Eines der g\u00e4ngisten Intervallzeiten ist der nach 60 fuss. Anhand der 60-Fuss Zeit kann der Fahrer erkennen wie gut er von der Startlinie weg kam. Ausserdem stehen auch die Informationen des Gegners auf dem eigenen Timeslip.<\/p>\n\n\n\n<p class=\"wp-block-paragraph\"><em>Quelle: Dragracinghistory.de<\/em><\/p>\n","protected":false},"excerpt":{"rendered":"<p>In den fr\u00fchen Jahren des Drag Racings, wurden die \u201eTimeslips\u201c (Zeitbeleg) per Hand ausgestellt &#8211; heute wird alles<\/p>\n","protected":false},"author":1,"featured_media":0,"parent":0,"menu_order":0,"comment_status":"open","ping_status":"open","template":"","meta":{"_crdt_document":"","ngg_post_thumbnail":0,"footnotes":""},"class_list":["post-400","page","type-page","status-publish","hentry"],"_links":{"self":[{"href":"https:\/\/fooevents.jade-race.com\/index.php?rest_route=\/wp\/v2\/pages\/400","targetHints":{"allow":["GET"]}}],"collection":[{"href":"https:\/\/fooevents.jade-race.com\/index.php?rest_route=\/wp\/v2\/pages"}],"about":[{"href":"https:\/\/fooevents.jade-race.com\/index.php?rest_route=\/wp\/v2\/types\/page"}],"author":[{"embeddable":true,"href":"https:\/\/fooevents.jade-race.com\/index.php?rest_route=\/wp\/v2\/users\/1"}],"replies":[{"embeddable":true,"href":"https:\/\/fooevents.jade-race.com\/index.php?rest_route=%2Fwp%2Fv2%2Fcomments&post=400"}],"version-history":[{"count":11,"href":"https:\/\/fooevents.jade-race.com\/index.php?rest_route=\/wp\/v2\/pages\/400\/revisions"}],"predecessor-version":[{"id":4811,"href":"https:\/\/fooevents.jade-race.com\/index.php?rest_route=\/wp\/v2\/pages\/400\/revisions\/4811"}],"wp:attachment":[{"href":"https:\/\/fooevents.jade-race.com\/index.php?rest_route=%2Fwp%2Fv2%2Fmedia&parent=400"}],"curies":[{"name":"wp","href":"https:\/\/api.w.org\/{rel}","templated":true}]}}