{"id":393,"date":"2012-04-16T12:03:28","date_gmt":"2012-04-16T11:03:28","guid":{"rendered":"http:\/\/www.jade-race.de\/?page_id=393"},"modified":"2019-04-14T21:26:08","modified_gmt":"2019-04-14T19:26:08","slug":"die-startampel","status":"publish","type":"page","link":"https:\/\/fooevents.jade-race.com\/?page_id=393","title":{"rendered":"Die Startampel"},"content":{"rendered":"\n<p class=\"wp-block-paragraph\">Ein Lauf zwischen zwei Fahrzeugen wird mittels einer elektronischen Anlage, genannt \u201eChristmas Tree\u201c (Weihnachtsbaum) das auch kurz &#8220;Tree&#8221; genannt wird gestartet. Der Tree hat seinen Namen, wegen seiner mehrfarbigen Gl\u00fchbirnen &#8211; dich sich an jeder Seite des Trees befinden: zwei kleine weisse Birnen ganz oben, gefolgt in einer absteigenden Reihenfolge von drei Gelben, eine Gr\u00fcne und einer Roten LED (Leuchtdioden) pro Seite.<\/p>\n\n\n\n<p class=\"wp-block-paragraph\">\u00dcber die Startlinie erstrecken sich vier Lichtschranken, zwei Lichtschranken pro Fahrbahn die mit einer Fotozelle verbunden sind. Die Fotozellen sind verkabelt mit dem Tree und mit dem elektronischen Zeitmesser in der Zeitnahme. Sobald die Vorderr\u00e4der eines Rennfahrzeugs die erste Lichtschranke auf seiner Fahrbahn durchbricht, leuchten die sogenannten \u201epre-staged\u201c Lichter am Tree (die 2 kleinen weissen Birnen ganz oben) und signalisieren dem Fahrer, das er sich ca. 178mm vor der eigentlichen Startlinie befindet. Dann rollt das Fahrzeug mit den Vorderr\u00e4dern in die n\u00e4chste Lichtschranke, das sogenannte \u201estage beam\u201c (Start Lichtschranke), sobald die Lichtschranke unterbrochen wird, leuchten auch die &#8220;Staged&#8221; Lichter (die zwei unteren kleinen weissen Lampen) am Tree auf und dem Fahrer wird damit signalisiert, das er sich genau auf der Startlinie befindet. Sobald alle &#8220;Staged&#8221; Lichter (4 auf jeder Seite) aufleuchten, fokussieren sich beide Fahrer auf die Startsequenz vom Tree. Nachdem sich beide Fahrzeuge &#8220;eingestaged&#8221; (verdeutscht) haben, aktiviert der Starter die Startsequenz des Trees. Der Starter ist eine Person der zwischen den beiden Fahrzeugen steht und einen Ausl\u00f6seschalter in der Hand h\u00e4lt, das mit dem Tree verbunden ist. Der Starter stellt sicher, das die Fahrzeuge in angemessener Zeit ihre burnouts machen und sich innerhalb einer f\u00fcr ihre Klasse vorgegeben Zeit einstagen. Wenn beide Fahrer bereit sind, l\u00f6st der Starter die Startsequenz aus. Der Tree hat zwei Startsequenzen und je nachdem welche Fahrzeugklasse gerade gefahren wird, wird der Tree mit der richtigen Startsequenz, f\u00fcr die jeweilige Klasse vor dem Lauf von der Zeitnahme korrekt eingestellt.Bei der Startsequenz &#8220;Pro-Tree&#8221; (Profi Ampel) leuchten die drei gelben LED gleichzeitig auf, gefolgt von der gr\u00fcnen LED im Abstand von vierzehntel einer Sekunde. Bei der Startsequenz &#8220;Full-Tree&#8221; (Sportsmann Ampel) leuchten die drei gelben LED absteigend nacheinander im Abstand von f\u00fcnfzehntel einer Sekunde, gefolgt von der gr\u00fcnen LED im Abstand von f\u00fcnfzehntel einer Sekunde.<\/p>\n\n\n\n<p class=\"wp-block-paragraph\"><strong>Startampel (Christmas Tree):<\/strong> Die Startampel wird in der Mitte der beiden Fahrbahnen (Drag Strip) 15 feet (4,57m) nach der Startlinie (Stage) aufgestellt.&nbsp;Der x-mas tree&nbsp;zeigt f\u00fcr beide Fahrbahnen getrennt die einzelnen Startpositionen. Im Zuschauerinteresse werden die Startpositionen auch auf der gegen\u00fcberliegenden Seite (90\u00b0 versetzt) angezeigt. Die Startampel besteht f\u00fcr jede Fahrbahn aus zwei wei\u00dfen Lampen f\u00fcr &#8220;PRE-STAGE&#8221;, zwei wei\u00dfen Lampen f\u00fcr &#8220;STAGE&#8221;, drei gelben Lampen f\u00fcr &#8220;PRE-START&#8221;, einer gr\u00fcnen Lampe f\u00fcr &#8220;Start&#8221; und einer roten Lampe f\u00fcr &#8220;FOUL-START&#8221;.<\/p>\n\n\n\n<table class=\"wp-block-table\"><tbody><tr><td>Pre-Stage <\/td><td>Der Fahrer befindet sich an der zweiten<br>Lichtschranke vor der Startlinie <\/td><\/tr><tr><td> Staged <\/td><td>Die Vorderr\u00e4der befinden sich auf der Startlinie &nbsp; <\/td><\/tr><tr><td>Achtung <\/td><td>Nachdem beide Autos sich auf der Startlinie<br>befinden startet die Startsequenz.  <br> <br>Pro- Tree = alle gelben Lichter aufeinmal<br>Full-Tree = nacheinander absteigend  <\/td><\/tr><tr><td>Start <\/td><td>Der Start ist freigegeben <\/td><\/tr><tr><td>Fr\u00fchstart <\/td><td>Das Auto ist zu fr\u00fch vom Start weg gefahren. <\/td><\/tr><\/tbody><\/table>\n\n\n\n<p class=\"wp-block-paragraph\"><strong>PRE-STAGE LIGHT:<\/strong> Diese zeigen den Fahrern an, dass sie sich kurz vor der Startposition befinden und noch ca. 20 Sekunden Zeit haben die Startlinie (STAGE) einzunehmen.<\/p>\n\n\n\n<p class=\"wp-block-paragraph\"><strong>STAGE LIGHT:<\/strong> Diese zeigen den Fahrern an, dass sie sich in der Startposition befinden und startfertig sind. Die eingenommene Startposition mu\u00df nun gehalten werden, bis die gr\u00fcne Lampe das Rennen frei gibt.<\/p>\n\n\n\n<p class=\"wp-block-paragraph\"><strong>PRE-START LIGHT 1-3:<\/strong> Leuchten von oben nach unten (Pos. 1-3), oder auch gemeinsam nach ca. 1-5 Sekunden (Zufallsgenerator) auf, sobald beide Fahrer ihre Startposition (STAGE) eingenommen haben. Bei Trainingsl\u00e4ufen entf\u00e4llt der Zufallsgenerator. Die drei gelben Lampen werden je nach Rennklasse einzeln nacheinander in Zeitabst\u00e4nden oder zugleich (Schnellstart) geschaltet.<\/p>\n\n\n\n<p class=\"wp-block-paragraph\"><strong>GREEN LIGHT:<\/strong> Die Lampen leuchten auf nachdem die letze gelbe Lampe erloschen ist und gibt den Start frei.<\/p>\n\n\n\n<p class=\"wp-block-paragraph\"><strong>RED LIGHT:<\/strong> Diese Lampen leuchten auf bei einem Fr\u00fchstart, also wenn gestartet wird bevor die letzte gelbe Lampe aus ist, der Lauf wird f\u00fcr denjenigen nicht gewertet und gilt als verloren.<\/p>\n\n\n\n<p class=\"wp-block-paragraph\"><em>Quelle: Dragracinghistory.de<\/em><\/p>\n","protected":false},"excerpt":{"rendered":"<p>Ein Lauf zwischen zwei Fahrzeugen wird mittels einer elektronischen Anlage, genannt \u201eChristmas Tree\u201c (Weihnachtsbaum) das auch kurz &#8220;Tree&#8221;<\/p>\n","protected":false},"author":4,"featured_media":0,"parent":0,"menu_order":0,"comment_status":"open","ping_status":"open","template":"","meta":{"_crdt_document":"","ngg_post_thumbnail":0,"footnotes":""},"class_list":["post-393","page","type-page","status-publish","hentry"],"_links":{"self":[{"href":"https:\/\/fooevents.jade-race.com\/index.php?rest_route=\/wp\/v2\/pages\/393","targetHints":{"allow":["GET"]}}],"collection":[{"href":"https:\/\/fooevents.jade-race.com\/index.php?rest_route=\/wp\/v2\/pages"}],"about":[{"href":"https:\/\/fooevents.jade-race.com\/index.php?rest_route=\/wp\/v2\/types\/page"}],"author":[{"embeddable":true,"href":"https:\/\/fooevents.jade-race.com\/index.php?rest_route=\/wp\/v2\/users\/4"}],"replies":[{"embeddable":true,"href":"https:\/\/fooevents.jade-race.com\/index.php?rest_route=%2Fwp%2Fv2%2Fcomments&post=393"}],"version-history":[{"count":13,"href":"https:\/\/fooevents.jade-race.com\/index.php?rest_route=\/wp\/v2\/pages\/393\/revisions"}],"predecessor-version":[{"id":4797,"href":"https:\/\/fooevents.jade-race.com\/index.php?rest_route=\/wp\/v2\/pages\/393\/revisions\/4797"}],"wp:attachment":[{"href":"https:\/\/fooevents.jade-race.com\/index.php?rest_route=%2Fwp%2Fv2%2Fmedia&parent=393"}],"curies":[{"name":"wp","href":"https:\/\/api.w.org\/{rel}","templated":true}]}}