{"id":3435,"date":"2017-12-04T21:32:41","date_gmt":"2017-12-04T20:32:41","guid":{"rendered":"http:\/\/www.jade-race.com\/?page_id=3435"},"modified":"2025-11-24T20:39:57","modified_gmt":"2025-11-24T19:39:57","slug":"drag-racing-in-deutschland","status":"publish","type":"page","link":"https:\/\/fooevents.jade-race.com\/?page_id=3435","title":{"rendered":"Drag Racing in Deutschland"},"content":{"rendered":"\n<p class=\"wp-block-paragraph\">Dragracing hat in Deutschland viele Namen. Viertelmeile Rennen, Beschleunigungsrennen sind einige davon. Und dennoch spricht man vom selben. Aber trotzdem sind die Unterschiede gro\u00df. Um Euch den Unterschied n\u00e4her zu bringen, folgt nun eine Beschreibung, was sich hinter den Begriffen und den unterschiedlichen Veranstaltungen verbirgt.<\/p>\n\n\n\n<p class=\"wp-block-paragraph\">In Deutschland ist Drag Racing als Motorsport im Vereinsrecht geregelt. F\u00fcr eine Motorsportveranstaltung ben\u00f6tigt man einen Veranstalter, eine Timing Crew und einen Verein. Man spricht daher immer von Drag Racing im Sinne einer Motorsportveranstaltung. Der Vorteil einer Motorsportveranstaltung ist:<\/p>\n\n\n\n<ul class=\"wp-block-list\">\n<li>Offiziell angemeldete Veranstaltung<\/li>\n\n\n\n<li>Regelwerke f\u00fcr einen fairen Wettkampf<\/li>\n\n\n\n<li>Hohe Sicherheitsstandards durch die Regelwerke (geringeres Verletzungsrisiko)<\/li>\n\n\n\n<li>Verein \u00fcbergreifende Wettbewerbe<\/li>\n\n\n\n<li>Meisterschaften, Pokale und Siegpr\u00e4mien<\/li>\n\n\n\n<li>Meisterschaftsfeiern in den Vereinen sowie in den Dachverb\u00e4nden<\/li>\n\n\n\n<li>Versicherungsschutz und auch Rechtssicherheit bei Unf\u00e4llen<\/li>\n<\/ul>\n\n\n\n<p class=\"wp-block-paragraph\">Dann gibt es aber noch Veranstaltungen, die sich Viertelmeilerennen oder Beschleunigungsrennen nennen. Diese Veranstaltungen haben nur einen Veranstalter und eine eingekaufte Timing Crew, jedoch keinen Verein an der Seite. Dies liegt daran, dass der Veranstalter im eigentliche Sinne nur auf ein Profitgesch\u00e4ft ausgerichtet ist. Daher bieten diese Veranstaltungen nicht die Vorteile wie bei einer Motorsportveranstaltung. Oftmals hat man sogar diverse Nachteile:<\/p>\n\n\n\n<ul class=\"wp-block-list\">\n<li>Hier werden zwar auch Wettbewerbe durchgef\u00fchrt, die aber rein rechtlich in Deutschland sich juristisch in der &#8220;Grauzone&#8221; befinden.<\/li>\n\n\n\n<li>Durch meistens nicht vorhandene Regelwerke, bieten Fahrzeuge nicht den notwendigen Sicherheitsstandard, obwohl diese z.B. im Stra\u00dfenverkehr samt allen Eintragen zugelassen sind.<\/li>\n\n\n\n<li>Ebenso besteht zwar ein Versicherungsschutz f\u00fcr die Veranstaltung, doch oftmals nicht im notwendigen Umfang.<\/li>\n<\/ul>\n\n\n\n<p class=\"wp-block-paragraph\">Das Vereinsrecht bzw. die Vereinsstruktur ist f\u00fcr einen Au\u00dfenstehenden am Anfang relativ schwer zu durchblicken. Das folgende Schaubild, zeigt auf, wie in Deutschland Drag Racing im Vereinsrecht organisiert ist:<\/p>\n\n\n\n<figure class=\"wp-block-table\"><table><tbody><tr><td><strong>Tr\u00e4gerverb\u00e4nde<\/strong><\/td><td>International \u00fcbergeordnet:<br><a href=\"https:\/\/www.fia.com\/regulation\/category\/101\"><img loading=\"lazy\" decoding=\"async\" width=\"150\" height=\"100\" class=\"wp-image-3440\" style=\"width: 150px;\" src=\"http:\/\/www.jade-race.com\/wp-content\/uploads\/2017\/12\/fia.png\" alt=\"\"><\/a><br><a href=\"https:\/\/www.fia.com\/\" target=\"_blank\" rel=\"noreferrer noopener\"><\/a><\/td><\/tr><tr><td><\/td><td>National: <br><a href=\"https:\/\/www.dmsb.de\/\"><img loading=\"lazy\" decoding=\"async\" width=\"150\" height=\"59\" class=\"wp-image-3441\" style=\"width: 150px;\" src=\"http:\/\/www.jade-race.com\/wp-content\/uploads\/2017\/12\/dmsb.png\" alt=\"\"><\/a><\/td><\/tr><tr><td><strong>Tr\u00e4gervereine<\/strong><\/td><td><a href=\"https:\/\/www.adac.de\/\"><img loading=\"lazy\" decoding=\"async\" width=\"150\" height=\"151\" class=\"wp-image-3443\" style=\"width: 150px;\" src=\"http:\/\/www.jade-race.com\/wp-content\/uploads\/2017\/12\/adac.png\" alt=\"\" srcset=\"https:\/\/fooevents.jade-race.com\/wp-content\/uploads\/2017\/12\/adac.png 224w, https:\/\/fooevents.jade-race.com\/wp-content\/uploads\/2017\/12\/adac-150x150.png 150w, https:\/\/fooevents.jade-race.com\/wp-content\/uploads\/2017\/12\/adac-90x90.png 90w, https:\/\/fooevents.jade-race.com\/wp-content\/uploads\/2017\/12\/adac-75x75.png 75w\" sizes=\"auto, (max-width: 150px) 100vw, 150px\" \/><\/a><a href=\"https:\/\/www.dmv-motorsport.de\/\"><img loading=\"lazy\" decoding=\"async\" width=\"150\" height=\"150\" class=\"wp-image-3444\" style=\"width: 150px;\" src=\"http:\/\/www.jade-race.com\/wp-content\/uploads\/2017\/12\/dmv.png\" alt=\"\" srcset=\"https:\/\/fooevents.jade-race.com\/wp-content\/uploads\/2017\/12\/dmv.png 225w, https:\/\/fooevents.jade-race.com\/wp-content\/uploads\/2017\/12\/dmv-150x150.png 150w, https:\/\/fooevents.jade-race.com\/wp-content\/uploads\/2017\/12\/dmv-90x90.png 90w, https:\/\/fooevents.jade-race.com\/wp-content\/uploads\/2017\/12\/dmv-75x75.png 75w\" sizes=\"auto, (max-width: 150px) 100vw, 150px\" \/><\/a><a href=\"https:\/\/avd.de\/\"><img loading=\"lazy\" decoding=\"async\" width=\"150\" height=\"110\" class=\"wp-image-3442\" style=\"width: 150px;\" src=\"http:\/\/www.jade-race.com\/wp-content\/uploads\/2017\/12\/avd.png\" alt=\"\"><\/a><a href=\"https:\/\/www.adac.de\/\" target=\"_blank\" rel=\"noreferrer noopener\"><\/a><a href=\"https:\/\/www.avd.de\" target=\"_blank\" rel=\"noreferrer noopener\"><\/a><\/td><\/tr><tr><td><strong>Drag Racing Vereine<\/strong><\/td><td><a href=\"https:\/\/dragracing-germany.de\/\"><img loading=\"lazy\" decoding=\"async\" width=\"150\" height=\"77\" class=\"wp-image-6917\" style=\"width: 150px;\" src=\"http:\/\/www.jade-race.com\/wp-content\/uploads\/2025\/11\/DRG-Logo-1-scaled.jpg\" alt=\"\" srcset=\"https:\/\/fooevents.jade-race.com\/wp-content\/uploads\/2025\/11\/DRG-Logo-1-scaled.jpg 2560w, https:\/\/fooevents.jade-race.com\/wp-content\/uploads\/2025\/11\/DRG-Logo-1-300x153.jpg 300w, https:\/\/fooevents.jade-race.com\/wp-content\/uploads\/2025\/11\/DRG-Logo-1-1024x523.jpg 1024w, https:\/\/fooevents.jade-race.com\/wp-content\/uploads\/2025\/11\/DRG-Logo-1-768x392.jpg 768w, https:\/\/fooevents.jade-race.com\/wp-content\/uploads\/2025\/11\/DRG-Logo-1-1536x784.jpg 1536w, https:\/\/fooevents.jade-race.com\/wp-content\/uploads\/2025\/11\/DRG-Logo-1-2048x1045.jpg 2048w, https:\/\/fooevents.jade-race.com\/wp-content\/uploads\/2025\/11\/DRG-Logo-1-1320x674.jpg 1320w, https:\/\/fooevents.jade-race.com\/wp-content\/uploads\/2025\/11\/DRG-Logo-1-600x306.jpg 600w\" sizes=\"auto, (max-width: 150px) 100vw, 150px\" \/><\/a><a href=\"https:\/\/dhra.nl\"><img loading=\"lazy\" decoding=\"async\" width=\"150\" height=\"73\" class=\"wp-image-3457\" style=\"width: 150px;\" src=\"http:\/\/www.jade-race.com\/wp-content\/uploads\/2017\/12\/DHRA.png\" alt=\"\" srcset=\"https:\/\/fooevents.jade-race.com\/wp-content\/uploads\/2017\/12\/DHRA.png 1024w, https:\/\/fooevents.jade-race.com\/wp-content\/uploads\/2017\/12\/DHRA-300x145.png 300w, https:\/\/fooevents.jade-race.com\/wp-content\/uploads\/2017\/12\/DHRA-768x371.png 768w, https:\/\/fooevents.jade-race.com\/wp-content\/uploads\/2017\/12\/DHRA-600x290.png 600w\" sizes=\"auto, (max-width: 150px) 100vw, 150px\" \/><\/a><a href=\"https:\/\/www.dragracing-ev.de\/\"><img loading=\"lazy\" decoding=\"async\" width=\"150\" height=\"44\" class=\"wp-image-6911\" style=\"width: 150px;\" src=\"http:\/\/www.jade-race.com\/wp-content\/uploads\/2025\/11\/DragEV.png\" alt=\"\" srcset=\"https:\/\/fooevents.jade-race.com\/wp-content\/uploads\/2025\/11\/DragEV.png 614w, https:\/\/fooevents.jade-race.com\/wp-content\/uploads\/2025\/11\/DragEV-300x88.png 300w, https:\/\/fooevents.jade-race.com\/wp-content\/uploads\/2025\/11\/DragEV-600x176.png 600w\" sizes=\"auto, (max-width: 150px) 100vw, 150px\" \/><\/a><a href=\"https:\/\/www.amc-dessau.de\/\"><img loading=\"lazy\" decoding=\"async\" width=\"150\" height=\"55\" class=\"wp-image-3465\" style=\"width: 150px;\" src=\"http:\/\/www.jade-race.com\/wp-content\/uploads\/2017\/12\/amc.png\" alt=\"\"><\/a><a href=\"https:\/\/www.hara-dragracing.com\/\"><img loading=\"lazy\" decoding=\"async\" width=\"150\" height=\"80\" class=\"wp-image-3437\" style=\"width: 150px;\" src=\"http:\/\/www.jade-race.com\/wp-content\/uploads\/2017\/12\/hara.png\" alt=\"\"><\/a><a href=\"https:\/\/www.bmc-hockenheim.de\/\"><img loading=\"lazy\" decoding=\"async\" width=\"100\" height=\"100\" class=\"wp-image-6920\" style=\"width: 100px;\" src=\"http:\/\/www.jade-race.com\/wp-content\/uploads\/2025\/11\/BMC.jpg\" alt=\"\" srcset=\"https:\/\/fooevents.jade-race.com\/wp-content\/uploads\/2025\/11\/BMC.jpg 700w, https:\/\/fooevents.jade-race.com\/wp-content\/uploads\/2025\/11\/BMC-300x300.jpg 300w, https:\/\/fooevents.jade-race.com\/wp-content\/uploads\/2025\/11\/BMC-150x150.jpg 150w, https:\/\/fooevents.jade-race.com\/wp-content\/uploads\/2025\/11\/BMC-600x600.jpg 600w, https:\/\/fooevents.jade-race.com\/wp-content\/uploads\/2025\/11\/BMC-100x100.jpg 100w\" sizes=\"auto, (max-width: 100px) 100vw, 100px\" \/><\/a><a href=\"https:\/\/www.umc-ulm.de\/drag_race.html\"><img loading=\"lazy\" decoding=\"async\" width=\"150\" height=\"80\" class=\"wp-image-6925\" style=\"width: 150px;\" src=\"http:\/\/www.jade-race.com\/wp-content\/uploads\/2025\/11\/UMC.png\" alt=\"\"><\/a><\/td><\/tr><tr><td><strong>Timing Crew<\/strong><\/td><td><a href=\"https:\/\/1on1-motorsports.de\/\"><img loading=\"lazy\" decoding=\"async\" width=\"150\" height=\"70\" class=\"wp-image-3456\" style=\"width: 150px;\" src=\"http:\/\/www.jade-race.com\/wp-content\/uploads\/2017\/12\/1on1-blanko.png\" alt=\"\" srcset=\"https:\/\/fooevents.jade-race.com\/wp-content\/uploads\/2017\/12\/1on1-blanko.png 329w, https:\/\/fooevents.jade-race.com\/wp-content\/uploads\/2017\/12\/1on1-blanko-300x140.png 300w\" sizes=\"auto, (max-width: 150px) 100vw, 150px\" \/><\/a><a href=\"https:\/\/dhra.nl\"><img loading=\"lazy\" decoding=\"async\" width=\"150\" height=\"73\" class=\"wp-image-3457\" style=\"width: 150px;\" src=\"http:\/\/www.jade-race.com\/wp-content\/uploads\/2017\/12\/DHRA.png\" alt=\"\" srcset=\"https:\/\/fooevents.jade-race.com\/wp-content\/uploads\/2017\/12\/DHRA.png 1024w, https:\/\/fooevents.jade-race.com\/wp-content\/uploads\/2017\/12\/DHRA-300x145.png 300w, https:\/\/fooevents.jade-race.com\/wp-content\/uploads\/2017\/12\/DHRA-768x371.png 768w, https:\/\/fooevents.jade-race.com\/wp-content\/uploads\/2017\/12\/DHRA-600x290.png 600w\" sizes=\"auto, (max-width: 150px) 100vw, 150px\" \/><\/a><a href=\"https:\/\/www.amc-dessau.de\/\"><img loading=\"lazy\" decoding=\"async\" width=\"150\" height=\"55\" class=\"wp-image-3465\" style=\"width: 150px;\" src=\"http:\/\/www.jade-race.com\/wp-content\/uploads\/2017\/12\/amc.png\" alt=\"\"><\/a><a href=\"https:\/\/www.facebook.com\/mobiletiming\"><img loading=\"lazy\" decoding=\"async\" width=\"120\" height=\"120\" class=\"wp-image-6914\" style=\"width: 120px;\" src=\"http:\/\/www.jade-race.com\/wp-content\/uploads\/2025\/11\/MobileTiming.jpg\" alt=\"\" srcset=\"https:\/\/fooevents.jade-race.com\/wp-content\/uploads\/2025\/11\/MobileTiming.jpg 958w, https:\/\/fooevents.jade-race.com\/wp-content\/uploads\/2025\/11\/MobileTiming-300x300.jpg 300w, https:\/\/fooevents.jade-race.com\/wp-content\/uploads\/2025\/11\/MobileTiming-150x150.jpg 150w, https:\/\/fooevents.jade-race.com\/wp-content\/uploads\/2025\/11\/MobileTiming-768x770.jpg 768w, https:\/\/fooevents.jade-race.com\/wp-content\/uploads\/2025\/11\/MobileTiming-600x601.jpg 600w, https:\/\/fooevents.jade-race.com\/wp-content\/uploads\/2025\/11\/MobileTiming-100x100.jpg 100w\" sizes=\"auto, (max-width: 120px) 100vw, 120px\" \/><\/a><a href=\"http:\/\/www.dhra.info\/\" target=\"_blank\" rel=\"noreferrer noopener\"><\/a><a href=\"http:\/\/www.1on1-motorsports.de\/\" target=\"_blank\" rel=\"noreferrer noopener\"><\/a><a href=\"http:\/\/www.msto.org\/\" target=\"_blank\" rel=\"noreferrer noopener\"><\/a><\/td><\/tr><tr><td><strong>Veranstalter<\/strong><\/td><td><a href=\"https:\/\/jade-race.com\">Jade-Race UG<\/a><br><a href=\"https:\/\/www.nitrolympx.de\/\">Hockenheim-Ring GmbH \/ Badischer Motorsport-Club e.V. im DMV<\/a><br><a href=\"https:\/\/dhra.nl\">Dutch Hot Rod Association Stichting<\/a><br><a href=\"https:\/\/dragracing-germany.de\/\">Drag Racing Germany e.V. im ADAC<\/a><br><a href=\"https:\/\/www.dragracing-ev.de\/\">Drag Racing Association Germany e.V.<\/a><br><a href=\"https:\/\/1on1-motorsports.de\/\">1on1 Motorsports&nbsp;Silke Beer<\/a><br><a href=\"https:\/\/www.amc-dessau.de\/\">1. AMC Dessau e.V. &#8211; DMV<\/a><\/td><\/tr><\/tbody><\/table><\/figure>\n\n\n\n<p class=\"wp-block-paragraph\">Wie man aus der Aufstellung erkennt, manche Vereine sind so gut aufgestellt, dass diese die Dienstleistung der Timing-Crew und auch das Veranstaltergesch\u00e4ft komplett alleine organisiert bekommen. Aber auch viele Vereine arbeiten mit einer anderen Timing Crew oder aber Veranstalter zusammen.<\/p>\n\n\n\n<p class=\"wp-block-paragraph\">Letztlich sind in Deutschland die Drag Racing Vereine die einzig offiziell zugelassenen Organisationen die Motorsport im Drag Racing durchf\u00fchren d\u00fcrfen und f\u00fcr den Motorsportler den passenden Rahmen bieten.<\/p>\n\n\n\n<h4 class=\"wp-block-heading\">Was kann ich als Fahrer tun, um Bestandteil des ganzen Gro\u00dfen zu sein?<\/h4>\n\n\n\n<ul class=\"wp-block-list\">\n<li>Anmeldung beim einem Verein, z. B. bei <a href=\"https:\/\/dragracing-germany.de\/\">Drag Racing Germany e.V. im ADAC<\/a> oder <a href=\"https:\/\/www.dragracing-ev.de\/\">Drag Racing Association Germany e.V.<\/a>, etc.<\/li>\n\n\n\n<li>Am Saisonende die Punkte zusammenz\u00e4hlen und zur Meisterschaftsehrung am Ende der Saison die Pokale und Preise &#8220;absahnen&#8221;<\/li>\n<\/ul>\n","protected":false},"excerpt":{"rendered":"<p>Dragracing hat in Deutschland viele Namen. Viertelmeile Rennen, Beschleunigungsrennen sind einige davon. Und dennoch spricht man vom selben.<\/p>\n","protected":false},"author":4,"featured_media":0,"parent":0,"menu_order":0,"comment_status":"closed","ping_status":"closed","template":"","meta":{"_crdt_document":"","ngg_post_thumbnail":0,"footnotes":""},"class_list":["post-3435","page","type-page","status-publish","hentry"],"_links":{"self":[{"href":"https:\/\/fooevents.jade-race.com\/index.php?rest_route=\/wp\/v2\/pages\/3435","targetHints":{"allow":["GET"]}}],"collection":[{"href":"https:\/\/fooevents.jade-race.com\/index.php?rest_route=\/wp\/v2\/pages"}],"about":[{"href":"https:\/\/fooevents.jade-race.com\/index.php?rest_route=\/wp\/v2\/types\/page"}],"author":[{"embeddable":true,"href":"https:\/\/fooevents.jade-race.com\/index.php?rest_route=\/wp\/v2\/users\/4"}],"replies":[{"embeddable":true,"href":"https:\/\/fooevents.jade-race.com\/index.php?rest_route=%2Fwp%2Fv2%2Fcomments&post=3435"}],"version-history":[{"count":36,"href":"https:\/\/fooevents.jade-race.com\/index.php?rest_route=\/wp\/v2\/pages\/3435\/revisions"}],"predecessor-version":[{"id":6929,"href":"https:\/\/fooevents.jade-race.com\/index.php?rest_route=\/wp\/v2\/pages\/3435\/revisions\/6929"}],"wp:attachment":[{"href":"https:\/\/fooevents.jade-race.com\/index.php?rest_route=%2Fwp%2Fv2%2Fmedia&parent=3435"}],"curies":[{"name":"wp","href":"https:\/\/api.w.org\/{rel}","templated":true}]}}